{"id":1368,"date":"2024-10-16T05:54:06","date_gmt":"2024-10-16T05:54:06","guid":{"rendered":"https:\/\/cabinetgca.com\/?page_id=1368"},"modified":"2025-02-03T14:53:00","modified_gmt":"2025-02-03T14:53:00","slug":"nos-actualites","status":"publish","type":"page","link":"https:\/\/cabinetgca.com\/?page_id=1368","title":{"rendered":"Nos br\u00e8ves"},"content":{"rendered":"<p>[et_pb_section fb_built=\u00a0\u00bb1&Prime; fullwidth=\u00a0\u00bbon\u00a0\u00bb admin_label=\u00a0\u00bbHero Section\u00a0\u00bb _builder_version=\u00a0\u00bb4.16&Prime; locked=\u00a0\u00bboff\u00a0\u00bb collapsed=\u00a0\u00bbon\u00a0\u00bb global_colors_info=\u00a0\u00bb{}\u00a0\u00bb][et_pb_fullwidth_header title=\u00a0\u00bbNos derni\u00e8res br\u00e8ves\u00a0\u00bb background_overlay_color=\u00a0\u00bbRGBA(255,255,255,0)\u00a0\u00bb content_max_width=\u00a0\u00bb550px\u00a0\u00bb _builder_version=\u00a0\u00bb4.27.0&Prime; title_font=\u00a0\u00bbMontserrat|700|||||||\u00a0\u00bb title_text_color=\u00a0\u00bb#4B7283&Prime; title_font_size=\u00a0\u00bb40px\u00a0\u00bb title_letter_spacing=\u00a0\u00bb2px\u00a0\u00bb title_line_height=\u00a0\u00bb1.4em\u00a0\u00bb content_font=\u00a0\u00bbMontserrat||||||||\u00a0\u00bb content_font_size=\u00a0\u00bb16px\u00a0\u00bb content_letter_spacing=\u00a0\u00bb1px\u00a0\u00bb content_line_height=\u00a0\u00bb2em\u00a0\u00bb subhead_font=\u00a0\u00bbMontserrat|700||on|||||\u00a0\u00bb subhead_text_align=\u00a0\u00bbleft\u00a0\u00bb subhead_text_color=\u00a0\u00bb#4B7283&Prime; subhead_font_size=\u00a0\u00bb48px\u00a0\u00bb subhead_letter_spacing=\u00a0\u00bb3px\u00a0\u00bb subhead_line_height=\u00a0\u00bb1.4em\u00a0\u00bb background_enable_color=\u00a0\u00bboff\u00a0\u00bb background_image=\u00a0\u00bbhttps:\/\/cabinetgca.com\/wp-content\/uploads\/2024\/10\/HEADERS_breves.png\u00a0\u00bb custom_button_one=\u00a0\u00bbon\u00a0\u00bb button_one_border_width=\u00a0\u00bb1px\u00a0\u00bb button_one_border_color=\u00a0\u00bbrgba(255,255,255,0.3)\u00a0\u00bb button_one_border_radius=\u00a0\u00bb0px\u00a0\u00bb button_one_letter_spacing=\u00a0\u00bb1px\u00a0\u00bb button_one_font=\u00a0\u00bbSaira Extra Condensed|600||on|||||\u00a0\u00bb button_one_icon=\u00a0\u00bb&#x24;||divi||400&Prime; button_one_icon_color=\u00a0\u00bb#edbb5f\u00a0\u00bb custom_button_two=\u00a0\u00bbon\u00a0\u00bb button_two_border_width=\u00a0\u00bb1px\u00a0\u00bb button_two_border_color=\u00a0\u00bbrgba(255,255,255,0.3)\u00a0\u00bb button_two_border_radius=\u00a0\u00bb0px\u00a0\u00bb button_two_letter_spacing=\u00a0\u00bb1px\u00a0\u00bb button_two_font=\u00a0\u00bbSaira Extra Condensed|600||on|||||\u00a0\u00bb button_two_icon=\u00a0\u00bb&#x24;||divi||400&Prime; button_two_icon_color=\u00a0\u00bb#edbb5f\u00a0\u00bb background_layout=\u00a0\u00bblight\u00a0\u00bb module_alignment=\u00a0\u00bbright\u00a0\u00bb min_height=\u00a0\u00bb571.2px\u00a0\u00bb custom_margin=\u00a0\u00bb0px|||0px|false|false\u00a0\u00bb custom_padding=\u00a0\u00bb14%||71px|44px|false|false\u00a0\u00bb custom_padding_tablet=\u00a0\u00bb8%||130px||false|false\u00a0\u00bb custom_padding_phone=\u00a0\u00bb||80px||false|false\u00a0\u00bb custom_padding_last_edited=\u00a0\u00bbon|phone\u00a0\u00bb box_shadow_style=\u00a0\u00bbpreset1&Prime; button_one_text_color_hover=\u00a0\u00bb#edbb5f\u00a0\u00bb button_two_text_color_hover=\u00a0\u00bb#edbb5f\u00a0\u00bb button_one_bg_color_hover=\u00a0\u00bbrgba(0,0,0,0)\u00a0\u00bb button_two_bg_color_hover=\u00a0\u00bbrgba(0,0,0,0)\u00a0\u00bb global_colors_info=\u00a0\u00bb{}\u00a0\u00bb button_one_text_size__hover_enabled=\u00a0\u00bboff\u00a0\u00bb button_two_text_size__hover_enabled=\u00a0\u00bboff\u00a0\u00bb button_one_text_color__hover_enabled=\u00a0\u00bbon\u00a0\u00bb button_one_text_color__hover=\u00a0\u00bb#edbb5f\u00a0\u00bb button_two_text_color__hover_enabled=\u00a0\u00bbon\u00a0\u00bb button_two_text_color__hover=\u00a0\u00bb#edbb5f\u00a0\u00bb button_one_border_width__hover_enabled=\u00a0\u00bboff\u00a0\u00bb button_two_border_width__hover_enabled=\u00a0\u00bboff\u00a0\u00bb button_one_border_color__hover_enabled=\u00a0\u00bboff\u00a0\u00bb button_two_border_color__hover_enabled=\u00a0\u00bboff\u00a0\u00bb button_one_border_radius__hover_enabled=\u00a0\u00bboff\u00a0\u00bb button_two_border_radius__hover_enabled=\u00a0\u00bboff\u00a0\u00bb button_one_letter_spacing__hover_enabled=\u00a0\u00bboff\u00a0\u00bb button_two_letter_spacing__hover_enabled=\u00a0\u00bboff\u00a0\u00bb button_one_bg_color__hover_enabled=\u00a0\u00bbon\u00a0\u00bb button_one_bg_color__hover=\u00a0\u00bbrgba(0,0,0,0)\u00a0\u00bb button_two_bg_color__hover_enabled=\u00a0\u00bbon\u00a0\u00bb button_two_bg_color__hover=\u00a0\u00bbrgba(0,0,0,0)\u00a0\u00bb]<\/p>\n<p>&nbsp;<\/p>\n<p>&nbsp;<\/p>\n<p>[\/et_pb_fullwidth_header][\/et_pb_section][et_pb_section fb_built=\u00a0\u00bb1&Prime; _builder_version=\u00a0\u00bb4.27.0&Prime; _module_preset=\u00a0\u00bbdefault\u00a0\u00bb global_colors_info=\u00a0\u00bb{}\u00a0\u00bb][et_pb_row _builder_version=\u00a0\u00bb4.27.0&Prime; _module_preset=\u00a0\u00bbdefault\u00a0\u00bb use_background_color_gradient=\u00a0\u00bbon\u00a0\u00bb background_color_gradient_stops=\u00a0\u00bb#4b7283 0%|#171d30 100%\u00a0\u00bb custom_padding=\u00a0\u00bb0px|||||\u00a0\u00bb border_radii=\u00a0\u00bbon|25px|25px|25px|25px\u00a0\u00bb global_colors_info=\u00a0\u00bb{}\u00a0\u00bb][et_pb_column type=\u00a0\u00bb4_4&Prime; _builder_version=\u00a0\u00bb4.27.0&Prime; _module_preset=\u00a0\u00bbdefault\u00a0\u00bb global_colors_info=\u00a0\u00bb{}\u00a0\u00bb][et_pb_slider _builder_version=\u00a0\u00bb4.27.4&Prime; _module_preset=\u00a0\u00bbdefault\u00a0\u00bb background_color=\u00a0\u00bbRGBA(255,255,255,0)\u00a0\u00bb custom_margin=\u00a0\u00bb||-27px|||\u00a0\u00bb custom_padding=\u00a0\u00bb67px||67px||true|false\u00a0\u00bb global_colors_info=\u00a0\u00bb{}\u00a0\u00bb][et_pb_slide image=\u00a0\u00bbhttps:\/\/cabinetgca.com\/wp-content\/uploads\/2024\/12\/1733158892950.png\u00a0\u00bb _builder_version=\u00a0\u00bb4.27.4&Prime; _module_preset=\u00a0\u00bbdefault\u00a0\u00bb body_font_size=\u00a0\u00bb20px\u00a0\u00bb body_line_height=\u00a0\u00bb1.4em\u00a0\u00bb global_colors_info=\u00a0\u00bb{}\u00a0\u00bb sticky_transition=\u00a0\u00bbon\u00a0\u00bb]<\/p>\n<p><strong>Intervention de Thomas Charg\u00e9 <span>aux \u00c9tats G\u00e9n\u00e9raux du Dommage Corporel organis\u00e9s par le Conseil national des barreaux (CNB), le<\/span><span> 5 d\u00e9cembre \u00e0 Lille, sur la th\u00e9matique : \u00ab FVA\/FLA de l\u2019enfant \u00bb a<\/span><span>ux c\u00f4t\u00e9s de<\/span><span class=\"white-space-pre\"> <\/span><a class=\"afaFOTlZPsCzjvRLucMiKLrwEMAMHRDLkDjhg \" target=\"_self\" href=\"https:\/\/www.linkedin.com\/in\/ACoAAANe8rsBTyqWxJA2guFeDlKR9USsw-rkyWM\" data-test-app-aware-link=\"\"><span><\/span><\/a>J\u00e9rome Charpentier<span>, Avocat au barreau de Paris,<\/span><span class=\"white-space-pre\"> <\/span><a class=\"afaFOTlZPsCzjvRLucMiKLrwEMAMHRDLkDjhg \" target=\"_self\" href=\"https:\/\/www.linkedin.com\/in\/ACoAACTh3A0B90PXHDRAbllj41N9j0ZfgEh0uL8\" data-test-app-aware-link=\"\"><span><\/span><\/a>Lynda LETTAT-OUATAH<span>, Avocate au barreau de Lyon,<\/span><span class=\"white-space-pre\"> <\/span><a class=\"afaFOTlZPsCzjvRLucMiKLrwEMAMHRDLkDjhg \" target=\"_self\" href=\"https:\/\/www.linkedin.com\/in\/ACoAADOpONAB4uoQikpsZfxCsYlQucBbk5JYokY\" data-test-app-aware-link=\"\"><span><\/span><\/a>Patrice GAUD<span>, Avocat au barreau de Paris, et<\/span><span class=\"white-space-pre\"> <\/span><a class=\"afaFOTlZPsCzjvRLucMiKLrwEMAMHRDLkDjhg \" target=\"_self\" href=\"https:\/\/www.linkedin.com\/in\/ACoAAAkKskcB_W3GyGfdXHNTbCC6ws10iugFlcs\" data-test-app-aware-link=\"\"><span><\/span><\/a>Paul Joly<span>, Architecte DPLG.<\/span><\/strong><\/p>\n<p>[\/et_pb_slide][et_pb_slide image=\u00a0\u00bbhttps:\/\/cabinetgca.com\/wp-content\/uploads\/2024\/10\/1200x680_maxstockworld248930.jpg\u00a0\u00bb _builder_version=\u00a0\u00bb4.27.0&Prime; _module_preset=\u00a0\u00bbdefault\u00a0\u00bb body_font_size=\u00a0\u00bb20px\u00a0\u00bb body_line_height=\u00a0\u00bb1.4em\u00a0\u00bb global_colors_info=\u00a0\u00bb{}\u00a0\u00bb sticky_transition=\u00a0\u00bbon\u00a0\u00bb]<\/p>\n<p><strong>Intervention de Matthieu MORINI\u00c8RE, en qualit\u00e9 d\u2019ergoth\u00e9rapeute \u00e0 l\u2019Universit\u00e9 de Nantes dans le cadre du DU de r\u00e9paration juridique du dommage corporel (2024-2025)<\/strong><\/p>\n<p>[\/et_pb_slide][et_pb_slide image=\u00a0\u00bbhttps:\/\/cabinetgca.com\/wp-content\/uploads\/2024\/10\/IMG-20241010-WA0001.jpg\u00a0\u00bb _builder_version=\u00a0\u00bb4.27.0&Prime; _module_preset=\u00a0\u00bbdefault\u00a0\u00bb body_font_size=\u00a0\u00bb20px\u00a0\u00bb body_line_height=\u00a0\u00bb1.4em\u00a0\u00bb global_colors_info=\u00a0\u00bb{}\u00a0\u00bb sticky_transition=\u00a0\u00bbon\u00a0\u00bb]<\/p>\n<p><strong>Participation de Thomas CHARG\u00c9 et Matthieu MORINI\u00c8RE au 60\u00e8me Congr\u00e8s de la FFAMCE (F\u00e9d\u00e9ration fran\u00e7aise des associations de m\u00e9decins conseils experts) au Puy du Fou, le 24 et 25 mai dernier<\/strong><\/p>\n<p>[\/et_pb_slide][et_pb_slide heading=\u00a0\u00bbParticipation de M. MORINI\u00c8RE et E. HANDELBERG, ergoth\u00e9rapeutes \u00e0 l&rsquo;\u00e9criture d&rsquo;un article scientifique :  \u00ab Regards crois\u00e9s sur les Frais de v\u00e9hicule Adapt\u00e9 \u00bb, publi\u00e9 dans La Revue Fran\u00e7aise du Dommage Corporel, 2024-2&Prime; button_text=\u00a0\u00bbAcc\u00e9der \u00e0 l&rsquo;article scientifique\u00a0\u00bb _builder_version=\u00a0\u00bb4.27.0&Prime; _module_preset=\u00a0\u00bbdefault\u00a0\u00bb header_font=\u00a0\u00bb|700|||||||\u00a0\u00bb header_font_size=\u00a0\u00bb20px\u00a0\u00bb header_line_height=\u00a0\u00bb1.4em\u00a0\u00bb custom_button=\u00a0\u00bbon\u00a0\u00bb button_text_size=\u00a0\u00bb15px\u00a0\u00bb global_colors_info=\u00a0\u00bb{}\u00a0\u00bb sticky_transition=\u00a0\u00bbon\u00a0\u00bb]<\/p>\n<p><span style=\"font-size: 15px;\"><\/span><\/p>\n<p><span style=\"font-size: 15px;\">\u00ab\u00a0Les frais de v\u00e9hicule adapt\u00e9 font partie des postes de dommage que le m\u00e9decin expert doit \u00e9valuer. Il doit se prononcer sur l&rsquo;imputabilit\u00e9 des am\u00e9nagements de v\u00e9hicule qui ont \u00e9t\u00e9 r\u00e9alis\u00e9s apr\u00e8s le passage de la victime devant le m\u00e9decin agr\u00e9\u00e9 par la pr\u00e9fecture pour l&rsquo;\u00e9valuation m\u00e9dicale \u00e0 l&rsquo;aptitude \u00e0 la conduite et l&rsquo;inspecteur pr\u00e9fectoral pour la revalidation du permis de conduire. Les causes d&rsquo;inaptitude \u00e0 la conduite sont tr\u00e8s limit\u00e9es et pr\u00e9domin\u00e9es par les atteintes visuelles, cardiologiques et neurologiques que l&rsquo;on retrouve plus fr\u00e9quemment sur des pathologies m\u00e9dicales que traumatiques. Les atteintes motrices ne vont quasiment pas entra\u00eener d&rsquo;inaptitude puisque les v\u00e9hicules peuvent \u00eatre adapt\u00e9s afin de permettre \u00e0 la victime de <\/span>garder un maximum d&rsquo;ind\u00e9pendance.\u00a0\u00bb<\/p>\n<p>&nbsp;<\/p>\n<p>[\/et_pb_slide][\/et_pb_slider][\/et_pb_column][\/et_pb_row][et_pb_row _builder_version=\u00a0\u00bb4.27.0&Prime; _module_preset=\u00a0\u00bbdefault\u00a0\u00bb custom_padding=\u00a0\u00bb2px|||||\u00a0\u00bb global_colors_info=\u00a0\u00bb{}\u00a0\u00bb][et_pb_column type=\u00a0\u00bb4_4&Prime; _builder_version=\u00a0\u00bb4.27.0&Prime; _module_preset=\u00a0\u00bbdefault\u00a0\u00bb global_colors_info=\u00a0\u00bb{}\u00a0\u00bb][et_pb_button button_url=\u00a0\u00bbhttps:\/\/cabinetgca.com\/?page_id=458&Prime; button_text=\u00a0\u00bbAcc\u00e9der aux Journ\u00e9es de l&rsquo;Expertise\u00a0\u00bb button_alignment=\u00a0\u00bbcenter\u00a0\u00bb _builder_version=\u00a0\u00bb4.27.4&Prime; _module_preset=\u00a0\u00bbdefault\u00a0\u00bb custom_button=\u00a0\u00bbon\u00a0\u00bb button_text_size=\u00a0\u00bb16px\u00a0\u00bb button_text_color=\u00a0\u00bb#4B7283&Prime; button_font=\u00a0\u00bbMontserrat||||||||\u00a0\u00bb custom_margin=\u00a0\u00bb47px||0px|||\u00a0\u00bb hover_enabled=\u00a0\u00bb0&Prime; locked=\u00a0\u00bboff\u00a0\u00bb global_colors_info=\u00a0\u00bb{}\u00a0\u00bb sticky_enabled=\u00a0\u00bb0&Prime;][\/et_pb_button][\/et_pb_column][\/et_pb_row][\/et_pb_section][et_pb_section fb_built=\u00a0\u00bb1&Prime; admin_label=\u00a0\u00bbFooter v2&Prime; _builder_version=\u00a0\u00bb4.25.1&Prime; _module_preset=\u00a0\u00bbdefault\u00a0\u00bb custom_margin=\u00a0\u00bb||-2px|||\u00a0\u00bb custom_padding=\u00a0\u00bb34px||0px|||\u00a0\u00bb border_width_top=\u00a0\u00bb1px\u00a0\u00bb border_color_top=\u00a0\u00bb#4B7283&Prime; locked=\u00a0\u00bboff\u00a0\u00bb collapsed=\u00a0\u00bboff\u00a0\u00bb global_colors_info=\u00a0\u00bb{}\u00a0\u00bb][et_pb_row column_structure=\u00a0\u00bb1_4,1_2,1_4&Prime; _builder_version=\u00a0\u00bb4.25.1&Prime; _module_preset=\u00a0\u00bbdefault\u00a0\u00bb module_alignment=\u00a0\u00bbcenter\u00a0\u00bb custom_margin=\u00a0\u00bb|||0px|false|false\u00a0\u00bb custom_margin_tablet=\u00a0\u00bb|||0px|false|false\u00a0\u00bb custom_margin_phone=\u00a0\u00bb|||47px|false|false\u00a0\u00bb custom_margin_last_edited=\u00a0\u00bbon|phone\u00a0\u00bb collapsed=\u00a0\u00bbon\u00a0\u00bb global_colors_info=\u00a0\u00bb{}\u00a0\u00bb][et_pb_column type=\u00a0\u00bb1_4&Prime; _builder_version=\u00a0\u00bb4.23.1&Prime; _module_preset=\u00a0\u00bbdefault\u00a0\u00bb global_colors_info=\u00a0\u00bb{}\u00a0\u00bb][et_pb_image src=\u00a0\u00bbhttps:\/\/cabinetgca.com\/wp-content\/uploads\/2023\/11\/logo-cabinet-GCA-1.png\u00a0\u00bb alt=\u00a0\u00bbLogo GCA\u00a0\u00bb title_text=\u00a0\u00bblogo-cabinet-GCA-1&Prime; _builder_version=\u00a0\u00bb4.24.3&Prime; _module_preset=\u00a0\u00bbdefault\u00a0\u00bb width=\u00a0\u00bb66%\u00a0\u00bb width_tablet=\u00a0\u00bb66%\u00a0\u00bb width_phone=\u00a0\u00bb61%\u00a0\u00bb width_last_edited=\u00a0\u00bbon|phone\u00a0\u00bb custom_padding=\u00a0\u00bb||0px|||\u00a0\u00bb global_colors_info=\u00a0\u00bb{}\u00a0\u00bb][\/et_pb_image][\/et_pb_column][et_pb_column type=\u00a0\u00bb1_2&Prime; _builder_version=\u00a0\u00bb4.23.1&Prime; _module_preset=\u00a0\u00bbdefault\u00a0\u00bb global_colors_info=\u00a0\u00bb{}\u00a0\u00bb][et_pb_text _builder_version=\u00a0\u00bb4.25.1&Prime; _module_preset=\u00a0\u00bbdefault\u00a0\u00bb text_font=\u00a0\u00bbMontserrat||||||||\u00a0\u00bb global_colors_info=\u00a0\u00bb{}\u00a0\u00bb]<\/p>\n<div class=\"page\" title=\"Page 1\">\n<div class=\"section\">\n<div class=\"layoutArea\">\n<div class=\"column\">\n<p><strong>T\u00e9l\u00e9phone <\/strong> | 01 43 37 78 00<\/p>\n<p><span><strong>PARIS<\/strong> | 4 rue du Champ de l\u2019Alouette, 75013 Paris <\/span><\/p>\n<p><span><strong>BORDEAUX<\/strong> | 17 rue Charles Marionneau, 33000 Bordeaux<\/span><\/p>\n<\/div>\n<\/div>\n<\/div>\n<\/div>\n<p>[\/et_pb_text][\/et_pb_column][et_pb_column type=\u00a0\u00bb1_4&Prime; _builder_version=\u00a0\u00bb4.23.1&Prime; _module_preset=\u00a0\u00bbdefault\u00a0\u00bb global_colors_info=\u00a0\u00bb{}\u00a0\u00bb][et_pb_text _builder_version=\u00a0\u00bb4.25.1&Prime; _module_preset=\u00a0\u00bbdefault\u00a0\u00bb text_font=\u00a0\u00bbMontserrat||||||||\u00a0\u00bb header_font=\u00a0\u00bbMontserrat||||||||\u00a0\u00bb header_text_color=\u00a0\u00bb#4B7283&Prime; global_colors_info=\u00a0\u00bb{}\u00a0\u00bb]<\/p>\n<div class=\"page\" title=\"Page 1\">\n<div class=\"section\">\n<div class=\"layoutArea\">\n<div class=\"column\">\n<div class=\"page\" title=\"Page 1\">\n<div class=\"section\">\n<div class=\"layoutArea\">\n<div class=\"column\">\n<p><span style=\"text-decoration: underline; color: #000000;\"><a href=\"https:\/\/cabinetgca.com\/mentions-legales\/\" style=\"color: #000000; text-decoration: underline;\">Mentions l\u00e9gales<\/a><\/span><\/p>\n<p><span style=\"text-decoration: underline; color: #000000;\"><a href=\"https:\/\/cabinetgca.com\/politique-generale-de-protection-des-donnees-personnelles\/\" style=\"color: #000000; text-decoration: underline;\">Protection des Donn\u00e9es Personnelles<\/a><\/span><\/p>\n<p><span style=\"text-decoration: underline; color: #000000;\"><a href=\"https:\/\/cabinetgca.com\/contact-2\/\" style=\"color: #000000; text-decoration: underline;\">Contact<\/a><\/span><\/p>\n<p><strong><\/strong><\/p>\n<\/div>\n<\/div>\n<\/div>\n<\/div>\n<\/div>\n<\/div>\n<\/div>\n<\/div>\n<p>[\/et_pb_text][\/et_pb_column][\/et_pb_row][\/et_pb_section]<\/p>\n","protected":false},"excerpt":{"rendered":"<p>&nbsp; &nbsp;Intervention de Thomas Charg\u00e9 aux \u00c9tats G\u00e9n\u00e9raux du Dommage Corporel organis\u00e9s par le Conseil national des barreaux (CNB), le 5 d\u00e9cembre \u00e0 Lille, sur la th\u00e9matique : \u00ab FVA\/FLA de l\u2019enfant \u00bb aux c\u00f4t\u00e9s de J\u00e9rome Charpentier, Avocat au barreau de Paris, Lynda LETTAT-OUATAH, Avocate au barreau de Lyon, Patrice GAUD, Avocat au barreau [&hellip;]<\/p>\n","protected":false},"author":2,"featured_media":0,"parent":0,"menu_order":0,"comment_status":"closed","ping_status":"closed","template":"","meta":{"_et_pb_use_builder":"on","_et_pb_old_content":"","_et_gb_content_width":"","footnotes":""},"class_list":["post-1368","page","type-page","status-publish","hentry"],"_links":{"self":[{"href":"https:\/\/cabinetgca.com\/index.php?rest_route=\/wp\/v2\/pages\/1368","targetHints":{"allow":["GET"]}}],"collection":[{"href":"https:\/\/cabinetgca.com\/index.php?rest_route=\/wp\/v2\/pages"}],"about":[{"href":"https:\/\/cabinetgca.com\/index.php?rest_route=\/wp\/v2\/types\/page"}],"author":[{"embeddable":true,"href":"https:\/\/cabinetgca.com\/index.php?rest_route=\/wp\/v2\/users\/2"}],"replies":[{"embeddable":true,"href":"https:\/\/cabinetgca.com\/index.php?rest_route=%2Fwp%2Fv2%2Fcomments&post=1368"}],"version-history":[{"count":37,"href":"https:\/\/cabinetgca.com\/index.php?rest_route=\/wp\/v2\/pages\/1368\/revisions"}],"predecessor-version":[{"id":1630,"href":"https:\/\/cabinetgca.com\/index.php?rest_route=\/wp\/v2\/pages\/1368\/revisions\/1630"}],"wp:attachment":[{"href":"https:\/\/cabinetgca.com\/index.php?rest_route=%2Fwp%2Fv2%2Fmedia&parent=1368"}],"curies":[{"name":"wp","href":"https:\/\/api.w.org\/{rel}","templated":true}]}}